{"id":2386,"date":"2025-09-11T12:26:59","date_gmt":"2025-09-11T12:26:59","guid":{"rendered":"https:\/\/educacion.edilizia.com.ar\/?post_type=product&#038;p=2386"},"modified":"2025-09-11T12:29:06","modified_gmt":"2025-09-11T12:29:06","slug":"aprende-con-ia-a-estudiar","status":"publish","type":"product","link":"https:\/\/educacion.edilizia.com.ar\/?product=aprende-con-ia-a-estudiar","title":{"rendered":"Inteligencia Artificial para estudiantes"},"content":{"rendered":"\t\t<div data-elementor-type=\"product-post\" data-elementor-id=\"2386\" class=\"elementor elementor-2386\" data-elementor-post-type=\"product\">\n\t\t\t\t<div class=\"elementor-element elementor-element-6314f55 e-con-full e-flex wpr-particle-no wpr-jarallax-no wpr-parallax-no wpr-sticky-section-no wpr-equal-height-no e-con e-parent\" data-id=\"6314f55\" data-element_type=\"container\" data-e-type=\"container\">\n\t\t\t\t<div class=\"elementor-element elementor-element-6da8139f elementor-view-stacked elementor-shape-square elementor-widget__width-initial elementor-widget-mobile__width-initial elementor-widget elementor-widget-icon\" data-id=\"6da8139f\" data-element_type=\"widget\" data-e-type=\"widget\" data-widget_type=\"icon.default\">\n\t\t\t\t\t\t\t<div class=\"elementor-icon-wrapper\">\n\t\t\t<div class=\"elementor-icon\">\n\t\t\t<svg aria-hidden=\"true\" class=\"e-font-icon-svg e-far-clock\" viewBox=\"0 0 512 512\" xmlns=\"http:\/\/www.w3.org\/2000\/svg\"><path d=\"M256 8C119 8 8 119 8 256s111 248 248 248 248-111 248-248S393 8 256 8zm0 448c-110.5 0-200-89.5-200-200S145.5 56 256 56s200 89.5 200 200-89.5 200-200 200zm61.8-104.4l-84.9-61.7c-3.1-2.3-4.9-5.9-4.9-9.7V116c0-6.6 5.4-12 12-12h32c6.6 0 12 5.4 12 12v141.7l66.8 48.6c5.4 3.9 6.5 11.4 2.6 16.8L334.6 349c-3.9 5.3-11.4 6.5-16.8 2.6z\"><\/path><\/svg>\t\t\t<\/div>\n\t\t<\/div>\n\t\t\t\t\t\t<\/div>\n\t\t\t\t<div class=\"elementor-element elementor-element-6dc31aec elementor-widget__width-initial elementor-widget-mobile__width-initial elementor-widget elementor-widget-heading\" data-id=\"6dc31aec\" data-element_type=\"widget\" data-e-type=\"widget\" data-widget_type=\"heading.default\">\n\t\t\t\t\t<h2 class=\"elementor-heading-title elementor-size-default\">20 min<\/h2>\t\t\t\t<\/div>\n\t\t\t\t<div class=\"elementor-element elementor-element-8b882 elementor-view-stacked elementor-shape-square elementor-widget__width-initial elementor-widget-mobile__width-initial elementor-widget elementor-widget-icon\" data-id=\"8b882\" data-element_type=\"widget\" data-e-type=\"widget\" data-widget_type=\"icon.default\">\n\t\t\t\t\t\t\t<div class=\"elementor-icon-wrapper\">\n\t\t\t<div class=\"elementor-icon\">\n\t\t\t<svg aria-hidden=\"true\" class=\"e-font-icon-svg e-fas-book-open\" viewBox=\"0 0 576 512\" xmlns=\"http:\/\/www.w3.org\/2000\/svg\"><path d=\"M542.22 32.05c-54.8 3.11-163.72 14.43-230.96 55.59-4.64 2.84-7.27 7.89-7.27 13.17v363.87c0 11.55 12.63 18.85 23.28 13.49 69.18-34.82 169.23-44.32 218.7-46.92 16.89-.89 30.02-14.43 30.02-30.66V62.75c.01-17.71-15.35-31.74-33.77-30.7zM264.73 87.64C197.5 46.48 88.58 35.17 33.78 32.05 15.36 31.01 0 45.04 0 62.75V400.6c0 16.24 13.13 29.78 30.02 30.66 49.49 2.6 149.59 12.11 218.77 46.95 10.62 5.35 23.21-1.94 23.21-13.46V100.63c0-5.29-2.62-10.14-7.27-12.99z\"><\/path><\/svg>\t\t\t<\/div>\n\t\t<\/div>\n\t\t\t\t\t\t<\/div>\n\t\t\t\t<div class=\"elementor-element elementor-element-49a34e97 elementor-widget__width-initial elementor-widget-mobile__width-initial elementor-widget elementor-widget-heading\" data-id=\"49a34e97\" data-element_type=\"widget\" data-e-type=\"widget\" data-widget_type=\"heading.default\">\n\t\t\t\t\t<h2 class=\"elementor-heading-title elementor-size-default\">4 lecciones<\/h2>\t\t\t\t<\/div>\n\t\t\t\t<div class=\"elementor-element elementor-element-ae1c5c4 elementor-view-stacked elementor-shape-square elementor-widget__width-initial elementor-widget-mobile__width-initial elementor-widget elementor-widget-icon\" data-id=\"ae1c5c4\" data-element_type=\"widget\" data-e-type=\"widget\" data-widget_type=\"icon.default\">\n\t\t\t\t\t\t\t<div class=\"elementor-icon-wrapper\">\n\t\t\t<div class=\"elementor-icon\">\n\t\t\t<svg aria-hidden=\"true\" class=\"e-font-icon-svg e-fas-brain\" viewBox=\"0 0 576 512\" xmlns=\"http:\/\/www.w3.org\/2000\/svg\"><path d=\"M208 0c-29.9 0-54.7 20.5-61.8 48.2-.8 0-1.4-.2-2.2-.2-35.3 0-64 28.7-64 64 0 4.8.6 9.5 1.7 14C52.5 138 32 166.6 32 200c0 12.6 3.2 24.3 8.3 34.9C16.3 248.7 0 274.3 0 304c0 33.3 20.4 61.9 49.4 73.9-.9 4.6-1.4 9.3-1.4 14.1 0 39.8 32.2 72 72 72 4.1 0 8.1-.5 12-1.2 9.6 28.5 36.2 49.2 68 49.2 39.8 0 72-32.2 72-72V64c0-35.3-28.7-64-64-64zm368 304c0-29.7-16.3-55.3-40.3-69.1 5.2-10.6 8.3-22.3 8.3-34.9 0-33.4-20.5-62-49.7-74 1-4.5 1.7-9.2 1.7-14 0-35.3-28.7-64-64-64-.8 0-1.5.2-2.2.2C422.7 20.5 397.9 0 368 0c-35.3 0-64 28.6-64 64v376c0 39.8 32.2 72 72 72 31.8 0 58.4-20.7 68-49.2 3.9.7 7.9 1.2 12 1.2 39.8 0 72-32.2 72-72 0-4.8-.5-9.5-1.4-14.1 29-12 49.4-40.6 49.4-73.9z\"><\/path><\/svg>\t\t\t<\/div>\n\t\t<\/div>\n\t\t\t\t\t\t<\/div>\n\t\t\t\t<div class=\"elementor-element elementor-element-4e95511f elementor-widget__width-initial elementor-widget-mobile__width-initial elementor-widget elementor-widget-heading\" data-id=\"4e95511f\" data-element_type=\"widget\" data-e-type=\"widget\" data-widget_type=\"heading.default\">\n\t\t\t\t\t<h2 class=\"elementor-heading-title elementor-size-default\">Principiante<\/h2>\t\t\t\t<\/div>\n\t\t\t\t<\/div>\n\t\t<div class=\"elementor-element elementor-element-08a5a27 e-con-full e-flex wpr-particle-no wpr-jarallax-no wpr-parallax-no wpr-sticky-section-no wpr-equal-height-no e-con e-parent\" data-id=\"08a5a27\" data-element_type=\"container\" data-e-type=\"container\">\n\t\t\t\t<div class=\"elementor-element elementor-element-2492d1d elementor-widget__width-initial elementor-widget-mobile__width-initial elementor-widget elementor-widget-woocommerce-product-images\" data-id=\"2492d1d\" data-element_type=\"widget\" data-e-type=\"widget\" data-widget_type=\"woocommerce-product-images.default\">\n\t\t\t\t\t<div class=\"woocommerce-product-gallery woocommerce-product-gallery--with-images woocommerce-product-gallery--columns-4 images\" data-columns=\"4\" style=\"opacity: 0; transition: opacity .25s ease-in-out;\">\n\t<div class=\"woocommerce-product-gallery__wrapper\">\n\t\t<div data-thumb=\"https:\/\/educacion.edilizia.com.ar\/wp-content\/uploads\/2025\/09\/APRENDE-CON-IA-100x100.jpg\" data-thumb-alt=\"Inteligencia Artificial para estudiantes\" data-thumb-srcset=\"https:\/\/educacion.edilizia.com.ar\/wp-content\/uploads\/2025\/09\/APRENDE-CON-IA-100x100.jpg 100w, https:\/\/educacion.edilizia.com.ar\/wp-content\/uploads\/2025\/09\/APRENDE-CON-IA-300x300.jpg 300w, https:\/\/educacion.edilizia.com.ar\/wp-content\/uploads\/2025\/09\/APRENDE-CON-IA-1024x1024.jpg 1024w, https:\/\/educacion.edilizia.com.ar\/wp-content\/uploads\/2025\/09\/APRENDE-CON-IA-150x150.jpg 150w, https:\/\/educacion.edilizia.com.ar\/wp-content\/uploads\/2025\/09\/APRENDE-CON-IA-768x768.jpg 768w, https:\/\/educacion.edilizia.com.ar\/wp-content\/uploads\/2025\/09\/APRENDE-CON-IA-600x600.jpg 600w, https:\/\/educacion.edilizia.com.ar\/wp-content\/uploads\/2025\/09\/APRENDE-CON-IA.jpg 1080w\"  data-thumb-sizes=\"(max-width: 100px) 100vw, 100px\" class=\"woocommerce-product-gallery__image\"><a href=\"https:\/\/educacion.edilizia.com.ar\/wp-content\/uploads\/2025\/09\/APRENDE-CON-IA.jpg\"><img fetchpriority=\"high\" decoding=\"async\" width=\"600\" height=\"600\" src=\"https:\/\/educacion.edilizia.com.ar\/wp-content\/uploads\/2025\/09\/APRENDE-CON-IA-600x600.jpg\" class=\"wp-post-image\" alt=\"Inteligencia Artificial para estudiantes\" data-caption=\"\" data-src=\"https:\/\/educacion.edilizia.com.ar\/wp-content\/uploads\/2025\/09\/APRENDE-CON-IA.jpg\" data-large_image=\"https:\/\/educacion.edilizia.com.ar\/wp-content\/uploads\/2025\/09\/APRENDE-CON-IA.jpg\" data-large_image_width=\"1080\" data-large_image_height=\"1080\" srcset=\"https:\/\/educacion.edilizia.com.ar\/wp-content\/uploads\/2025\/09\/APRENDE-CON-IA-600x600.jpg 600w, https:\/\/educacion.edilizia.com.ar\/wp-content\/uploads\/2025\/09\/APRENDE-CON-IA-300x300.jpg 300w, https:\/\/educacion.edilizia.com.ar\/wp-content\/uploads\/2025\/09\/APRENDE-CON-IA-1024x1024.jpg 1024w, https:\/\/educacion.edilizia.com.ar\/wp-content\/uploads\/2025\/09\/APRENDE-CON-IA-150x150.jpg 150w, https:\/\/educacion.edilizia.com.ar\/wp-content\/uploads\/2025\/09\/APRENDE-CON-IA-768x768.jpg 768w, https:\/\/educacion.edilizia.com.ar\/wp-content\/uploads\/2025\/09\/APRENDE-CON-IA-100x100.jpg 100w, https:\/\/educacion.edilizia.com.ar\/wp-content\/uploads\/2025\/09\/APRENDE-CON-IA.jpg 1080w\" sizes=\"(max-width: 600px) 100vw, 600px\" \/><\/a><\/div>\t<\/div>\n<\/div>\n\t\t\t\t<\/div>\n\t\t<div class=\"elementor-element elementor-element-9f0e7d0 e-con-full e-flex wpr-particle-no wpr-jarallax-no wpr-parallax-no wpr-sticky-section-no wpr-equal-height-no e-con e-child\" data-id=\"9f0e7d0\" data-element_type=\"container\" data-e-type=\"container\">\n\t\t\t\t<div class=\"elementor-element elementor-element-374dfb1 elementor-widget elementor-widget-woocommerce-product-title elementor-page-title elementor-widget-heading\" data-id=\"374dfb1\" data-element_type=\"widget\" data-e-type=\"widget\" data-widget_type=\"woocommerce-product-title.default\">\n\t\t\t\t\t<h1 class=\"product_title entry-title elementor-heading-title elementor-size-default\">Inteligencia Artificial para estudiantes<\/h1>\t\t\t\t<\/div>\n\t\t\t\t<div class=\"elementor-element elementor-element-68f71539 elementor-widget elementor-widget-text-editor\" data-id=\"68f71539\" data-element_type=\"widget\" data-e-type=\"widget\" data-widget_type=\"text-editor.default\">\n\t\t\t\t\t\t\t\t\t<p><span style=\"font-weight: 400;\">Vamos a conocer el recorrido de la inteligencia artificial, desde su origen hasta la revoluci\u00f3n que est\u00e1 hoy protagonizando. Vas a aprender c\u00f3mo aprovechar su potencial, sea cual sea el rubro en el que trabajes ya que, aunque no lo notes, el mundo laboral ya cambi\u00f3 y si te qued\u00e1s atr\u00e1s, es posible que te quedes afuera.<\/span><\/p>\t\t\t\t\t\t\t\t<\/div>\n\t\t\t\t<div class=\"elementor-element elementor-element-d9f110f elementor-widget elementor-widget-woocommerce-product-price\" data-id=\"d9f110f\" data-element_type=\"widget\" data-e-type=\"widget\" data-widget_type=\"woocommerce-product-price.default\">\n\t\t\t\t\t<p class=\"price\"><span class=\"woocommerce-Price-amount amount\"><bdi><span class=\"woocommerce-Price-currencySymbol\">&#36;<\/span>&nbsp;0,00<\/bdi><\/span><\/p>\n\t\t\t\t<\/div>\n\t\t\t\t<div class=\"elementor-element elementor-element-0a66f71 e-add-to-cart--show-quantity-yes elementor-widget elementor-widget-woocommerce-product-add-to-cart\" data-id=\"0a66f71\" data-element_type=\"widget\" data-e-type=\"widget\" data-widget_type=\"woocommerce-product-add-to-cart.default\">\n\t\t\t\t\t\n\t\t<div class=\"elementor-add-to-cart elementor-product-simple\">\n\t\t\t\n\t<span class=\"xoo-wsc-disable-atc\" style=\"display: none!important\"><\/span>\n\t<form class=\"cart\" action=\"https:\/\/educacion.edilizia.com.ar\/?product=aprende-con-ia-a-estudiar\" method=\"post\" enctype='multipart\/form-data'>\n\t\t\n\t\t<div class=\"quantity\">\n\t\t<label class=\"screen-reader-text\" for=\"quantity_69ebc09fc9e29\">Inteligencia Artificial para estudiantes cantidad<\/label>\n\t<input\n\t\ttype=\"hidden\"\n\t\t\t\tid=\"quantity_69ebc09fc9e29\"\n\t\tclass=\"input-text qty text\"\n\t\tname=\"quantity\"\n\t\tvalue=\"1\"\n\t\taria-label=\"Product quantity\"\n\t\t\t\tmin=\"1\"\n\t\t\t\t\tmax=\"1\"\n\t\t\t\t\t\t\tstep=\"1\"\n\t\t\tplaceholder=\"\"\n\t\t\tinputmode=\"numeric\"\n\t\t\tautocomplete=\"off\"\n\t\t\t\/>\n\t<\/div>\n\n\t\t<button type=\"submit\" name=\"add-to-cart\" value=\"2386\" class=\"single_add_to_cart_button button alt wp-element-button\">Agregar al carrito<\/button>\n\n\t\t\t<\/form>\n\n\t\n\t\t<\/div>\n\n\t\t\t\t\t\t<\/div>\n\t\t\t\t<\/div>\n\t\t\t\t<\/div>\n\t\t<div class=\"elementor-element elementor-element-6387525 e-flex e-con-boxed wpr-particle-no wpr-jarallax-no wpr-parallax-no wpr-sticky-section-no wpr-equal-height-no e-con e-parent\" data-id=\"6387525\" data-element_type=\"container\" data-e-type=\"container\">\n\t\t\t\t\t<div class=\"e-con-inner\">\n\t\t\t\t<div class=\"elementor-element elementor-element-bbeb011 elementor-grid-3 elementor-product-loop-item--align-center elementor-grid-mobile-2 elementor-grid-tablet-3 elementor-products-grid elementor-wc-products show-heading-yes elementor-widget elementor-widget-woocommerce-product-related\" data-id=\"bbeb011\" data-element_type=\"widget\" data-e-type=\"widget\" data-widget_type=\"woocommerce-product-related.default\">\n\t\t\t\t\t\n\t<section class=\"related products\">\n\n\t\t\t\t\t<h2>Productos relacionados<\/h2>\n\t\t\t\t<ul class=\"products elementor-grid columns-4\">\n\n\t\t\t\n\t\t\t\t\t<li class=\"product type-product post-2356 status-publish first instock product_cat-uncategorized has-post-thumbnail virtual sold-individually purchasable product-type-simple\">\n\t<a href=\"https:\/\/educacion.edilizia.com.ar\/?product=negocios-con-herramientas-digitales\" class=\"woocommerce-LoopProduct-link woocommerce-loop-product__link\"><img decoding=\"async\" width=\"300\" height=\"300\" src=\"https:\/\/educacion.edilizia.com.ar\/wp-content\/uploads\/2025\/09\/NEGOCIOS-CON-HERRAMIENTAS-DIGITALES-300x300.jpg\" class=\"attachment-woocommerce_thumbnail size-woocommerce_thumbnail\" alt=\"Negocios con herramientas digitales\" srcset=\"https:\/\/educacion.edilizia.com.ar\/wp-content\/uploads\/2025\/09\/NEGOCIOS-CON-HERRAMIENTAS-DIGITALES-300x300.jpg 300w, https:\/\/educacion.edilizia.com.ar\/wp-content\/uploads\/2025\/09\/NEGOCIOS-CON-HERRAMIENTAS-DIGITALES-1024x1024.jpg 1024w, https:\/\/educacion.edilizia.com.ar\/wp-content\/uploads\/2025\/09\/NEGOCIOS-CON-HERRAMIENTAS-DIGITALES-150x150.jpg 150w, https:\/\/educacion.edilizia.com.ar\/wp-content\/uploads\/2025\/09\/NEGOCIOS-CON-HERRAMIENTAS-DIGITALES-768x768.jpg 768w, https:\/\/educacion.edilizia.com.ar\/wp-content\/uploads\/2025\/09\/NEGOCIOS-CON-HERRAMIENTAS-DIGITALES-600x600.jpg 600w, https:\/\/educacion.edilizia.com.ar\/wp-content\/uploads\/2025\/09\/NEGOCIOS-CON-HERRAMIENTAS-DIGITALES-100x100.jpg 100w, https:\/\/educacion.edilizia.com.ar\/wp-content\/uploads\/2025\/09\/NEGOCIOS-CON-HERRAMIENTAS-DIGITALES.jpg 1080w\" sizes=\"(max-width: 300px) 100vw, 300px\" \/><h2 class=\"woocommerce-loop-product__title\">Negocios con herramientas digitales<\/h2>\n\t<span class=\"price\"><span class=\"woocommerce-Price-amount amount\"><bdi><span class=\"woocommerce-Price-currencySymbol\">&#36;<\/span>&nbsp;0,00<\/bdi><\/span><\/span>\n<\/a><a href=\"\/index.php?rest_route=%2Fwp%2Fv2%2Fproduct%2F2386&#038;add-to-cart=2356\" aria-describedby=\"woocommerce_loop_add_to_cart_link_describedby_2356\" data-quantity=\"1\" class=\"button wp-element-button product_type_simple add_to_cart_button ajax_add_to_cart\" data-product_id=\"2356\" data-product_sku=\"\" aria-label=\"Add to cart: &ldquo;Negocios con herramientas digitales&rdquo;\" rel=\"nofollow\" data-success_message=\"&ldquo;Negocios con herramientas digitales&rdquo; se agreg\u00f3 al carrito\" role=\"button\">Agregar al carrito<\/a>\t<span id=\"woocommerce_loop_add_to_cart_link_describedby_2356\" class=\"screen-reader-text\">\n\t\t\t<\/span>\n<\/li>\n\n\t\t\t\n\t\t\t\t\t<li class=\"product type-product post-2336 status-publish instock product_cat-uncategorized has-post-thumbnail virtual sold-individually purchasable product-type-simple\">\n\t<a href=\"https:\/\/educacion.edilizia.com.ar\/?product=introduccion-a-la-ia\" class=\"woocommerce-LoopProduct-link woocommerce-loop-product__link\"><img decoding=\"async\" width=\"300\" height=\"300\" src=\"https:\/\/educacion.edilizia.com.ar\/wp-content\/uploads\/2025\/09\/intro-a-la-ia-300x300.jpg\" class=\"attachment-woocommerce_thumbnail size-woocommerce_thumbnail\" alt=\"Introducci\u00f3n a la Inteligencia Artificial\" srcset=\"https:\/\/educacion.edilizia.com.ar\/wp-content\/uploads\/2025\/09\/intro-a-la-ia-300x300.jpg 300w, https:\/\/educacion.edilizia.com.ar\/wp-content\/uploads\/2025\/09\/intro-a-la-ia-1024x1024.jpg 1024w, https:\/\/educacion.edilizia.com.ar\/wp-content\/uploads\/2025\/09\/intro-a-la-ia-150x150.jpg 150w, https:\/\/educacion.edilizia.com.ar\/wp-content\/uploads\/2025\/09\/intro-a-la-ia-768x768.jpg 768w, https:\/\/educacion.edilizia.com.ar\/wp-content\/uploads\/2025\/09\/intro-a-la-ia-600x600.jpg 600w, https:\/\/educacion.edilizia.com.ar\/wp-content\/uploads\/2025\/09\/intro-a-la-ia-100x100.jpg 100w, https:\/\/educacion.edilizia.com.ar\/wp-content\/uploads\/2025\/09\/intro-a-la-ia.jpg 1080w\" sizes=\"(max-width: 300px) 100vw, 300px\" \/><h2 class=\"woocommerce-loop-product__title\">Introducci\u00f3n a la Inteligencia Artificial<\/h2>\n\t<span class=\"price\"><span class=\"woocommerce-Price-amount amount\"><bdi><span class=\"woocommerce-Price-currencySymbol\">&#36;<\/span>&nbsp;0,00<\/bdi><\/span><\/span>\n<\/a><a href=\"\/index.php?rest_route=%2Fwp%2Fv2%2Fproduct%2F2386&#038;add-to-cart=2336\" aria-describedby=\"woocommerce_loop_add_to_cart_link_describedby_2336\" data-quantity=\"1\" class=\"button wp-element-button product_type_simple add_to_cart_button ajax_add_to_cart\" data-product_id=\"2336\" data-product_sku=\"\" aria-label=\"Add to cart: &ldquo;Introducci\u00f3n a la Inteligencia Artificial&rdquo;\" rel=\"nofollow\" data-success_message=\"&ldquo;Introducci\u00f3n a la Inteligencia Artificial&rdquo; se agreg\u00f3 al carrito\" role=\"button\">Agregar al carrito<\/a>\t<span id=\"woocommerce_loop_add_to_cart_link_describedby_2336\" class=\"screen-reader-text\">\n\t\t\t<\/span>\n<\/li>\n\n\t\t\t\n\t\t<\/ul>\n\n\t<\/section>\n\t\t\t\t\t<\/div>\n\t\t\t\t\t<\/div>\n\t\t\t\t<\/div>\n\t\t\t\t<\/div>\n\t\t","protected":false},"excerpt":{"rendered":"<p>Vamos a recorrer juntos c\u00f3mo naci\u00f3 la inteligencia artificial, por qu\u00e9 est\u00e1 revolucionando industrias de todo tipo\u2026y sobre todo, c\u00f3mo pod\u00e9s aprovecharla, aunque no sepas nada de programaci\u00f3n. Quiz\u00e1s sos arquitecto, comerciante, dise\u00f1ador, docente, emprendedor o parte de una PyME\u2026 No importa tu profesi\u00f3n: este curso est\u00e1 pensado para vos. Porque la inteligencia artificial ya no es cosa del futuro.<br \/>\nEst\u00e1 transformando tu trabajo hoy, aunque todav\u00eda no la est\u00e9s usando.<\/p>\n","protected":false},"featured_media":2382,"template":"","meta":[],"product_brand":[],"product_cat":[15],"product_tag":[],"class_list":{"0":"post-2386","1":"product","2":"type-product","3":"status-publish","4":"has-post-thumbnail","6":"product_cat-uncategorized","8":"","9":"instock","10":"virtual","11":"sold-individually","12":"purchasable","13":"product-type-simple"},"_links":{"self":[{"href":"https:\/\/educacion.edilizia.com.ar\/index.php?rest_route=\/wp\/v2\/product\/2386","targetHints":{"allow":["GET"]}}],"collection":[{"href":"https:\/\/educacion.edilizia.com.ar\/index.php?rest_route=\/wp\/v2\/product"}],"about":[{"href":"https:\/\/educacion.edilizia.com.ar\/index.php?rest_route=\/wp\/v2\/types\/product"}],"version-history":[{"count":3,"href":"https:\/\/educacion.edilizia.com.ar\/index.php?rest_route=\/wp\/v2\/product\/2386\/revisions"}],"predecessor-version":[{"id":2389,"href":"https:\/\/educacion.edilizia.com.ar\/index.php?rest_route=\/wp\/v2\/product\/2386\/revisions\/2389"}],"wp:featuredmedia":[{"embeddable":true,"href":"https:\/\/educacion.edilizia.com.ar\/index.php?rest_route=\/wp\/v2\/media\/2382"}],"wp:attachment":[{"href":"https:\/\/educacion.edilizia.com.ar\/index.php?rest_route=%2Fwp%2Fv2%2Fmedia&parent=2386"}],"wp:term":[{"taxonomy":"product_brand","embeddable":true,"href":"https:\/\/educacion.edilizia.com.ar\/index.php?rest_route=%2Fwp%2Fv2%2Fproduct_brand&post=2386"},{"taxonomy":"product_cat","embeddable":true,"href":"https:\/\/educacion.edilizia.com.ar\/index.php?rest_route=%2Fwp%2Fv2%2Fproduct_cat&post=2386"},{"taxonomy":"product_tag","embeddable":true,"href":"https:\/\/educacion.edilizia.com.ar\/index.php?rest_route=%2Fwp%2Fv2%2Fproduct_tag&post=2386"}],"curies":[{"name":"wp","href":"https:\/\/api.w.org\/{rel}","templated":true}]}}